{"id":221,"date":"2015-02-19T09:42:47","date_gmt":"2015-02-19T17:42:47","guid":{"rendered":"http:\/\/sofn6.org\/arv\/?page_id=221"},"modified":"2026-04-08T14:56:36","modified_gmt":"2026-04-08T21:56:36","slug":"folkehogskule-registration","status":"publish","type":"page","link":"https:\/\/sofn6.org\/arv\/folkehogskule-registration\/","title":{"rendered":"Folkeh\u00f8gskule Registration"},"content":{"rendered":"<p>Welcome to the on-line registration system for Trollfjell Folkeh\u00f8gskule.<\/p>\n<p><strong>Folkeh\u00f8gskule registration fee: $1000 per student. <\/strong><br \/>\n<sup><strong>One-week Folkeh\u00f8gskule registration fee: $750 per camper.<\/strong><\/sup><\/p>\n<p><strong>An Early bird discount of $100 is available for anyone who registers before April 15th. After April 15th, the registration fee will return to $1000.<\/strong><\/p>\n<p><strong>Registration deadline is <span style=\"color: #ff0000;\">May 31st, 2026.<\/span><\/strong><\/p>\n<p><span style=\"color: #ff0000;\"><em><strong>Full payment, including any scholarships, and the three forms below must be received by the registrar by the registration deadline.\u00a0<\/strong><\/em><\/span><\/p>\n<p><span style=\"color: #ff0000;\"><em><strong>Any registrations made after May 31st will be subject to a $100 late fee and payment must be made via credit card at the time of registration.<\/strong><\/em><\/span><\/p>\n<p>&nbsp;<\/p>\n<p>Assistance with camp cost may be available from local lodges and associated groups. If the cost poses a hardship, please inform the registrar at the time of application. Alternative financial arrangements will be explored by the registrar and you will be notified. Please submit the <a title=\"Contact Us\" href=\"http:\/\/sofn6.org\/arv\/contact-us\/\">Contact Us<\/a> form.<\/p>\n<p>There are three forms here that must be completed in order to register your student:<\/p>\n<ol>\n<li><strong><a title=\"Student Application - Trollfjell Folkeh\u00f8gskule 2025\" href=\"http:\/\/sofn6.org\/arv\/trollfjell-folkehogskule-registration\/\">Folkeh\u00f8gskule\u00a0Registration<\/a> &#8211; payment by check to be sent to the registrar.<\/strong><\/li>\n<li><a title=\"Camper\/Student Health History Form\" href=\"http:\/\/sofn6.org\/arv\/camperstudent-health\/\">Student Health History<\/a>\u00a0&#8211; download example <a title=\"Sample Health History Form\" href=\"http:\/\/sofn6.org\/arv\/wp-content\/uploads\/2015\/02\/health-history-admin.pdf\" target=\"_blank\" rel=\"noopener noreferrer\">here<\/a>.<\/li>\n<li><a title=\"Camp Trollfjell Rules, Regulations, and Releases\" href=\"http:\/\/sofn6.org\/arv\/rules-regulations\/\">Rules, Regulations and Releases<\/a>\u00a0&#8211; this form requires Student\u00a0participation.<\/li>\n<\/ol>\n<p>Click on the link to access each form.<\/p>\n<p><strong>There is an on-line Payment Only form <a href=\"https:\/\/sofn6.org\/arv\/trollfjell-payment-only\/\">here<\/a>. You may use this form if you have already completed the Camper Registration and elected to pay later, or the on-line payment did not complete and you wish to try again.<\/strong><\/p>\n<p>If you have applied for a campership, please arrange to have the check made out to:<\/p>\n<p style=\"padding-left: 40px;\"><strong>District Six, Sons of Norway<\/strong><\/p>\n<p>Be sure to include the student&#8217;s name in the Memo line.<\/p>\n<p>And sent to:<\/p>\n<div style=\"padding-left: 40px;\"><em>SON District Six L&amp;H Camp<\/em><\/div>\n<div style=\"padding-left: 40px;\"><em><em>C\/O Diane Acevedo<br \/>\n715 Linden Avenue<br \/>\nSan Bruno, CA 94066<\/em><\/em><\/div>\n<div>\n<hr \/>\n<\/div>\n<div>Lodges should declare camperships <a href=\"https:\/\/sofn6.org\/arv\/campership-registration\/\">HERE<\/a>.<\/div>\n","protected":false},"excerpt":{"rendered":"<p>Welcome to the on-line registration system for Trollfjell Folkeh\u00f8gskule. Folkeh\u00f8gskule registration fee: $1000 per student. One-week Folkeh\u00f8gskule registration fee: $750 per camper. An Early bird discount of $100 is available for anyone who registers before April 15th. After April 15th, the registration fee will return to $1000. Registration deadline is May 31st, 2026. Full payment, [&hellip;]<\/p>\n","protected":false},"author":1,"featured_media":0,"parent":0,"menu_order":0,"comment_status":"closed","ping_status":"closed","template":"","meta":{"footnotes":""},"class_list":["post-221","page","type-page","status-publish","hentry"],"_links":{"self":[{"href":"https:\/\/sofn6.org\/arv\/wp-json\/wp\/v2\/pages\/221","targetHints":{"allow":["GET"]}}],"collection":[{"href":"https:\/\/sofn6.org\/arv\/wp-json\/wp\/v2\/pages"}],"about":[{"href":"https:\/\/sofn6.org\/arv\/wp-json\/wp\/v2\/types\/page"}],"author":[{"embeddable":true,"href":"https:\/\/sofn6.org\/arv\/wp-json\/wp\/v2\/users\/1"}],"replies":[{"embeddable":true,"href":"https:\/\/sofn6.org\/arv\/wp-json\/wp\/v2\/comments?post=221"}],"version-history":[{"count":1,"href":"https:\/\/sofn6.org\/arv\/wp-json\/wp\/v2\/pages\/221\/revisions"}],"predecessor-version":[{"id":1198,"href":"https:\/\/sofn6.org\/arv\/wp-json\/wp\/v2\/pages\/221\/revisions\/1198"}],"wp:attachment":[{"href":"https:\/\/sofn6.org\/arv\/wp-json\/wp\/v2\/media?parent=221"}],"curies":[{"name":"wp","href":"https:\/\/api.w.org\/{rel}","templated":true}]}}